{"id":17,"date":"2017-06-11T21:54:12","date_gmt":"2017-06-11T19:54:12","guid":{"rendered":"http:\/\/localhost\/flagge\/?page_id=17"},"modified":"2026-04-06T21:17:01","modified_gmt":"2026-04-06T19:17:01","slug":"fahrgastinfos","status":"publish","type":"page","link":"https:\/\/flagge-krankenfahrdienst.de\/home\/?page_id=17","title":{"rendered":"Fahrgastinfos"},"content":{"rendered":"<div class=\"brz-root__container brz-reset-all brz brz-root__container-page\">\n<section id=\"_zdW0ifY48wYa\" class=\"brz-section brz-css-1decm9r\">\n<div class=\"brz-section__content brz-section--boxed brz-css-11wtyvs brz-css-v6z1kv\" data-brz-custom-id=\"mDiOSoaFk_Qd\">\n<div class=\"brz-bg\">\n<div class=\"brz-bg-color\"><\/div>\n<\/div>\n<div class=\"brz-container brz-css-14pchus\">\n<div id=\"\" class=\"brz-css-1b2ggto brz-wrapper\">\n<div class=\"brz-menu-simple brz-css-1u5b2d6 brz-css-1asg1m4\">\n<div><\/div>\n<\/div>\n<\/div>\n<div id=\"\" class=\"brz-css-1b2ggto brz-wrapper\">\n<div class=\"brz-rich-text brz-rich-text__custom brz-css-1wxx4xd\" data-brz-custom-id=\"dAScwIOmt6I5\">\n<div data-brz-translate-text=\"1\">\n<p data-generated-css=\"brz-css-i21Qs\" data-uniq-id=\"oAH7M\" class=\"brz-tp-lg-empty brz-ff-montserrat brz-ft-google brz-fs-lg-20 brz-fss-lg-px brz-fw-lg-400 brz-ls-lg-0 brz-lh-lg-1_9 brz-vfw-lg-400 brz-fwdth-lg-100 brz-fsft-lg-0 brz-css-f9Lnd\"><strong class=\"brz-bold-true\">Fahrgastinfos<\/strong><\/p>\n<p data-generated-css=\"brz-css-roUg5\" data-uniq-id=\"oaDnG\" class=\"brz-tp-lg-empty brz-ff-montserrat brz-ft-google brz-fs-lg-16 brz-fss-lg-px brz-fw-lg-400 brz-ls-lg-0 brz-lh-lg-1_9 brz-vfw-lg-400 brz-fwdth-lg-100 brz-fsft-lg-0 brz-css-vhN1V\"><strong> <\/strong><\/p>\n<p data-generated-css=\"brz-css-hkrqb\" data-uniq-id=\"lWfHY\" class=\"brz-tp-lg-empty brz-ff-montserrat brz-ft-google brz-fs-lg-16 brz-fss-lg-px brz-fw-lg-400 brz-ls-lg-0 brz-lh-lg-1_9 brz-vfw-lg-400 brz-fwdth-lg-100 brz-fsft-lg-0 brz-css-rZTuS\"><strong> <\/strong><\/p>\n<p data-generated-css=\"brz-css-nLXfj\" data-uniq-id=\"qTnTs\" class=\"brz-tp-lg-empty brz-ff-montserrat brz-ft-google brz-fs-lg-16 brz-fss-lg-px brz-fw-lg-400 brz-ls-lg-0 brz-lh-lg-1_9 brz-vfw-lg-400 brz-fwdth-lg-100 brz-fsft-lg-0 brz-css-ldpSw\"><strong>Anspruch auf Krankenfahrten kann auch bei w\u00f6chentlicher Fahrt zum Arzt bestehen<\/strong><\/p>\n<p class=\"brz-tp-lg-paragraph brz-css-wFu55\" data-generated-css=\"brz-css-yQI4d\" data-uniq-id=\"sCCT1\"><span>Bundessozialgericht, Urteil vom 28. Juni 2008 (Az. B 1 KR 27\/07 R)<\/span><\/p>\n<p data-generated-css=\"brz-css-dgoOS\" data-uniq-id=\"zUeds\" class=\"brz-tp-lg-empty brz-ff-montserrat brz-ft-google brz-fs-lg-16 brz-fss-lg-px brz-fw-lg-400 brz-ls-lg-0 brz-lh-lg-1_9 brz-vfw-lg-400 brz-fwdth-lg-100 brz-fsft-lg-0 brz-css-rQ3Xm\"><strong> <\/strong><\/p>\n<p data-generated-css=\"brz-css-g8aDu\" data-uniq-id=\"rC1ls\" class=\"brz-tp-lg-empty brz-ff-montserrat brz-ft-google brz-fs-lg-16 brz-fss-lg-px brz-fw-lg-400 brz-ls-lg-0 brz-lh-lg-1_9 brz-vfw-lg-400 brz-fwdth-lg-100 brz-fsft-lg-0 brz-css-fpQ5m\"><strong> <\/strong><\/p>\n<p data-generated-css=\"brz-css-q5GhU\" data-uniq-id=\"lU6AR\" class=\"brz-tp-lg-empty brz-ff-montserrat brz-ft-google brz-fs-lg-16 brz-fss-lg-px brz-fw-lg-400 brz-ls-lg-0 brz-lh-lg-1_9 brz-vfw-lg-400 brz-fwdth-lg-100 brz-fsft-lg-0 brz-css-kWLzG\"><strong>Einf\u00fchrung:<\/strong><\/p>\n<p data-generated-css=\"brz-css-b03kh\" data-uniq-id=\"ivSBX\" class=\"brz-tp-lg-empty brz-ff-montserrat brz-ft-google brz-fs-lg-16 brz-fss-lg-px brz-fw-lg-400 brz-ls-lg-0 brz-lh-lg-1_9 brz-vfw-lg-400 brz-fwdth-lg-100 brz-fsft-lg-0 brz-css-yoojr\"><span>Fahrkosten, die anl\u00e4sslich von Fahrten zur ambulanten Behandlung entstehen, werden von der Krankenkasse seit 2005 nur noch in Ausnahmef\u00e4llen und nach vorheriger Genehmigung \u00fcbernommen. N\u00e4heres regeln die Krankentransport-Richtlinien (KrTransp-RL). Krankenfahrten sind danach Fahrten, die mit \u00f6ffentlichen Verkehrsmitteln, privaten Kraftfahrzeugen, Mietwagen oder Taxen durchgef\u00fchrt werden. Zu den Mietwagen z\u00e4hlen z. B. auch Wagen mit behindertengerechter Einrichtung zur Bef\u00f6rderung von Rollstuhlfahrern.<\/span><\/p>\n<p data-generated-css=\"brz-css-naYp3\" data-uniq-id=\"wtHu1\" class=\"brz-tp-lg-empty brz-ff-montserrat brz-ft-google brz-fs-lg-16 brz-fss-lg-px brz-fw-lg-400 brz-ls-lg-0 brz-lh-lg-1_9 brz-vfw-lg-400 brz-fwdth-lg-100 brz-fsft-lg-0 brz-css-vkSKs\"><strong>I. Die Verordnung einer Krankenfahrt mit einem Taxi oder Mietwagen ist zul\u00e4ssig, bei<\/strong><\/p>\n<p data-generated-css=\"brz-css-nn02D\" data-uniq-id=\"oPDe8\" class=\"brz-tp-lg-empty brz-ff-montserrat brz-ft-google brz-fs-lg-16 brz-fss-lg-px brz-fw-lg-400 brz-ls-lg-0 brz-lh-lg-1_9 brz-vfw-lg-400 brz-fwdth-lg-100 brz-fsft-lg-0 brz-css-wGiLn\"><strong>a)<\/strong><span>&nbsp;Fahrten zu Leistungen, die station\u00e4r erbracht werden,<\/span><\/p>\n<p data-generated-css=\"brz-css-zhBR9\" data-uniq-id=\"uwplF\" class=\"brz-tp-lg-empty brz-ff-montserrat brz-ft-google brz-fs-lg-16 brz-fss-lg-px brz-fw-lg-400 brz-ls-lg-0 brz-lh-lg-1_9 brz-vfw-lg-400 brz-fwdth-lg-100 brz-fsft-lg-0 brz-css-zSpx1\"><strong>b)<\/strong><span>&nbsp;Fahrten zu einer vor- oder nachstation\u00e4ren Behandlung im Krankenhaus, wenn dadurch eine aus medizinischer Sicht gebotene vollstation\u00e4re oder teilstation\u00e4re Krankenhausbehandlung verk\u00fcrzt oder vermieden werden kann,<\/span><\/p>\n<p data-generated-css=\"brz-css-l9xaQ\" data-uniq-id=\"yR9eJ\" class=\"brz-tp-lg-empty brz-ff-montserrat brz-ft-google brz-fs-lg-16 brz-fss-lg-px brz-fw-lg-400 brz-ls-lg-0 brz-lh-lg-1_9 brz-vfw-lg-400 brz-fwdth-lg-100 brz-fsft-lg-0 brz-css-pBLei\"><strong>c)<\/strong><span>&nbsp;Fahrten zu einer ambulanten Operation im Krankenhaus oder in der Vertragsarztpraxis mit im Zusammenhang mit dieser Operation erfolgender Vor- oder Nachbehandlung.<\/span><\/p>\n<p data-generated-css=\"brz-css-nMfDb\" data-uniq-id=\"zyhji\" class=\"brz-tp-lg-empty brz-ff-montserrat brz-ft-google brz-fs-lg-16 brz-fss-lg-px brz-fw-lg-400 brz-ls-lg-0 brz-lh-lg-1_9 brz-vfw-lg-400 brz-fwdth-lg-100 brz-fsft-lg-0 brz-css-viHog\"><strong>II. Daneben kann die Fahrt zur ambulanten Behandlung f\u00fcr Versicherte verordnet und genehmigt werden,<\/strong><span>&nbsp;die einen Schwerbehindertenausweis mit dem&nbsp;<\/span><strong>Merkzeichen \u201caG\u201d, \u201cBl\u201d oder \u201cH\u201d<\/strong><span>&nbsp;oder einen Einstufungsbescheid gem\u00e4\u00df SGB XI in die&nbsp;<\/span><strong>Pflegestufe 2 oder 3<\/strong><span>&nbsp;bei der Verordnung vorlegen.<\/span><\/p>\n<p data-generated-css=\"brz-css-b9wZD\" data-uniq-id=\"ci4ev\" class=\"brz-tp-lg-empty brz-ff-montserrat brz-ft-google brz-fs-lg-16 brz-fss-lg-px brz-fw-lg-400 brz-ls-lg-0 brz-lh-lg-1_9 brz-vfw-lg-400 brz-fwdth-lg-100 brz-fsft-lg-0 brz-css-rwF_G\"><strong>III. In besonderen Ausnahmef\u00e4llen k\u00f6nnen dar\u00fcber hinaus Krankenfahrten zur ambulanten Behandlung bei zwingender medizinischer Notwendigkeit von der Krankenkasse \u00fcbernommen und vom Vertragsarzt verordnet werden.<\/strong><\/p>\n<p data-generated-css=\"brz-css-pE0g_\" data-uniq-id=\"lYjPI\" class=\"brz-tp-lg-empty brz-ff-montserrat brz-ft-google brz-fs-lg-16 brz-fss-lg-px brz-fw-lg-400 brz-ls-lg-0 brz-lh-lg-1_9 brz-vfw-lg-400 brz-fwdth-lg-100 brz-fsft-lg-0 brz-css-nbAbg\"><span>Sie bed\u00fcrfen der vorherigen Genehmigung durch die Krankenkasse. Voraussetzungen f\u00fcr eine Verordnung und eine Genehmigung sind in diesem Fall, dass der\/die Patient\/in mit einem durch die Grunderkrankung vorgegebenen Therapieschema behandelt wird, das eine hohe Behandlungsfrequenz \u00fcber einen l\u00e4ngeren Zeitraum aufweist, und<\/span><\/p>\n<p data-generated-css=\"brz-css-pn2jc\" data-uniq-id=\"e_qlr\" class=\"brz-tp-lg-empty brz-ff-montserrat brz-ft-google brz-fs-lg-16 brz-fss-lg-px brz-fw-lg-400 brz-ls-lg-0 brz-lh-lg-1_9 brz-vfw-lg-400 brz-fwdth-lg-100 brz-fsft-lg-0 brz-css-g2_pU\"><span>dass diese Behandlung oder der zu dieser Behandlung f\u00fchrende Krankheitsverlauf den Patienten\/die Patientin in einer Weise beeintr\u00e4chtigt, dass eine Bef\u00f6rderung zur Vermeidung von Schaden an Leib und Leben unerl\u00e4sslich ist.<\/span><\/p>\n<p data-generated-css=\"brz-css-c3eOp\" data-uniq-id=\"wR19_\" class=\"brz-tp-lg-empty brz-ff-montserrat brz-ft-google brz-fs-lg-33 brz-fss-lg-px brz-fw-lg-700 brz-ls-lg-m_0_5 brz-lh-lg-1_2 brz-vfw-lg-400 brz-fwdth-lg-100 brz-fsft-lg-0 brz-css-wnOTv\"><strong><img loading=\"lazy\" decoding=\"async\" src=\"http:\/\/flagge-krankenfahrdienst.de\/wp-content\/uploads\/2017\/06\/IMG_0610-1024x683.jpg\" height=\"304\" width=\"459\"><\/strong><span>Fahrkostenregelung<\/span><\/p>\n<p data-generated-css=\"brz-css-kNCm9\" data-uniq-id=\"aZsoZ\" class=\"brz-tp-lg-empty brz-ff-montserrat brz-ft-google brz-fs-lg-16 brz-fss-lg-px brz-fw-lg-400 brz-ls-lg-0 brz-lh-lg-1_9 brz-vfw-lg-400 brz-fwdth-lg-100 brz-fsft-lg-0 brz-css-wL2HD\"><strong>Fahrten zu einer ambulanten Behandlung \u00fcbernehmen die gesetzlichen Krankenkassen seit 1. Januar 2004 nur noch in Ausnahmef\u00e4llen<\/strong><span>&nbsp;und nach vorheriger Genehmigung.&nbsp;<\/span><strong>Auch dann m\u00fcssen jedoch zehn Prozent der Kosten zugezahlt werden \u2013 mindestens 5,00 \u20acuro und h\u00f6chstens 10,00 \u20acuro pro Fahrt.<\/strong><span>&nbsp;Die Kosten f\u00fcr eine aus zwingenden medizinischen Gr\u00fcnden notwendige Rettungsfahrt zum Krankenhaus \u00fcbernehmen die Krankenkassen \u2013 abz\u00fcglich der gesetzlichen Zuzahlung \u2013 f\u00fcr alle Versicherten.<\/span><\/p>\n<p data-generated-css=\"brz-css-zliYs\" data-uniq-id=\"rOYsW\" class=\"brz-tp-lg-empty brz-ff-montserrat brz-ft-google brz-fs-lg-16 brz-fss-lg-px brz-fw-lg-400 brz-ls-lg-0 brz-lh-lg-1_9 brz-vfw-lg-400 brz-fwdth-lg-100 brz-fsft-lg-0 brz-css-kXyFs\"><strong class=\"brz-bold-true brz-italic-true\"><em>Nach der Entscheidung des Gemeinsamen Bundesausschusses vom 22. Januar 2004 \u00fcbernehmen die Krankenkassen die Fahrkosten zur ambulanten Behandlung weiterhin f\u00fcr:<\/em><\/strong><\/p>\n<p data-generated-css=\"brz-css-y8Ffe\" data-uniq-id=\"qASe8\" class=\"brz-tp-lg-empty brz-ff-montserrat brz-ft-google brz-fs-lg-16 brz-fss-lg-px brz-fw-lg-400 brz-ls-lg-0 brz-lh-lg-1_9 brz-vfw-lg-400 brz-fwdth-lg-100 brz-fsft-lg-0 brz-css-dLyu3\"><strong class=\"brz-bold-true brz-italic-true\"><em>Krebs-Patienten, die zur Strahlentherapie oder zur Chemotherapie fahren m\u00fcssen, Dialyse-Patienten, Patienten, die laut Schwerbehindertenausweis au\u00dfergew\u00f6hnlich gehbehindert sind (aG), blind sind (Bl) oder besonders hilfsbed\u00fcrftig sind (H), Patienten, die Leistungen der Pflegeversicherung nach Pflegestufe II oder III erhalten.<\/em><\/strong><\/p>\n<p data-generated-css=\"brz-css-lvwBf\" data-uniq-id=\"qUHWN\" class=\"brz-tp-lg-empty brz-ff-montserrat brz-ft-google brz-fs-lg-16 brz-fss-lg-px brz-fw-lg-400 brz-ls-lg-0 brz-lh-lg-1_9 brz-vfw-lg-400 brz-fwdth-lg-100 brz-fsft-lg-0 brz-css-kfd6A\"><span>Zus\u00e4tzlich k\u00f6nnen \u00c4rzte bei Erkrankungen, die von den genannten Ausnahmeregelungen nicht erfasst werden, aber von vergleichbarem Schweregrad sind, eine Fahrkosten\u00fcbernahme verordnen. Als Voraussetzung f\u00fcr \u00e4rztliche Verordnung und Genehmigung durch die Krankenkasse gilt laut Bundesausschuss folgende Definition:<\/span><\/p>\n<p data-generated-css=\"brz-css-cs9vd\" data-uniq-id=\"eEoSI\" class=\"brz-tp-lg-empty brz-ff-montserrat brz-ft-google brz-fs-lg-16 brz-fss-lg-px brz-fw-lg-400 brz-ls-lg-0 brz-lh-lg-1_9 brz-vfw-lg-400 brz-fwdth-lg-100 brz-fsft-lg-0 brz-css-xzwWl\"><strong class=\"brz-italic-true brz-bold-true\"><em>\u201cDer Patient leidet an einer Grunderkrankung, die eine bestimmte Therapie erfordert, die h\u00e4ufig und \u00fcber einen l\u00e4ngeren Zeitraum erfolgen muss. Die Behandlung oder der zur Behandlung f\u00fchrend Krankheitsverlauf beeintr\u00e4chtigen den Patienten in einer Weise, dass eine Bef\u00f6rderung zur Vermeidung von Schaden an Leib und Leben unerl\u00e4sslich ist.\u201d<\/em><\/strong><\/p>\n<\/div>\n<\/div>\n<\/div>\n<\/div>\n<\/div>\n<\/section>\n<\/div>\n<p>    <!-- version:1736962890 --><\/p>\n","protected":false},"excerpt":{"rendered":"<p>Fahrgastinfos Anspruch auf Krankenfahrten kann auch bei w\u00f6chentlicher Fahrt zum Arzt bestehen Bundessozialgericht, Urteil vom 28. Juni 2008 (Az. B [&hellip;]<\/p>\n","protected":false},"author":2,"featured_media":0,"parent":0,"menu_order":0,"comment_status":"closed","ping_status":"closed","template":"brizy-blank-template.php","meta":{"site-sidebar-layout":"default","site-content-layout":"","ast-site-content-layout":"","site-content-style":"default","site-sidebar-style":"default","ast-global-header-display":"","ast-banner-title-visibility":"","ast-main-header-display":"","ast-hfb-above-header-display":"","ast-hfb-below-header-display":"","ast-hfb-mobile-header-display":"","site-post-title":"","ast-breadcrumbs-content":"","ast-featured-img":"","footer-sml-layout":"","theme-transparent-header-meta":"","adv-header-id-meta":"","stick-header-meta":"","header-above-stick-meta":"","header-main-stick-meta":"","header-below-stick-meta":"","astra-migrate-meta-layouts":"default","ast-page-background-enabled":"default","ast-page-background-meta":{"desktop":{"background-color":"var(--ast-global-color-4)","background-image":"","background-repeat":"repeat","background-position":"center center","background-size":"auto","background-attachment":"scroll","background-type":"","background-media":"","overlay-type":"","overlay-color":"","overlay-opacity":"","overlay-gradient":""},"tablet":{"background-color":"","background-image":"","background-repeat":"repeat","background-position":"center center","background-size":"auto","background-attachment":"scroll","background-type":"","background-media":"","overlay-type":"","overlay-color":"","overlay-opacity":"","overlay-gradient":""},"mobile":{"background-color":"","background-image":"","background-repeat":"repeat","background-position":"center center","background-size":"auto","background-attachment":"scroll","background-type":"","background-media":"","overlay-type":"","overlay-color":"","overlay-opacity":"","overlay-gradient":""}},"ast-content-background-meta":{"desktop":{"background-color":"var(--ast-global-color-5)","background-image":"","background-repeat":"repeat","background-position":"center center","background-size":"auto","background-attachment":"scroll","background-type":"","background-media":"","overlay-type":"","overlay-color":"","overlay-opacity":"","overlay-gradient":""},"tablet":{"background-color":"var(--ast-global-color-5)","background-image":"","background-repeat":"repeat","background-position":"center center","background-size":"auto","background-attachment":"scroll","background-type":"","background-media":"","overlay-type":"","overlay-color":"","overlay-opacity":"","overlay-gradient":""},"mobile":{"background-color":"var(--ast-global-color-5)","background-image":"","background-repeat":"repeat","background-position":"center center","background-size":"auto","background-attachment":"scroll","background-type":"","background-media":"","overlay-type":"","overlay-color":"","overlay-opacity":"","overlay-gradient":""}},"footnotes":""},"class_list":["post-17","page","type-page","status-publish","hentry"],"brizy_media":[],"_links":{"self":[{"href":"https:\/\/flagge-krankenfahrdienst.de\/home\/index.php?rest_route=\/wp\/v2\/pages\/17","targetHints":{"allow":["GET"]}}],"collection":[{"href":"https:\/\/flagge-krankenfahrdienst.de\/home\/index.php?rest_route=\/wp\/v2\/pages"}],"about":[{"href":"https:\/\/flagge-krankenfahrdienst.de\/home\/index.php?rest_route=\/wp\/v2\/types\/page"}],"author":[{"embeddable":true,"href":"https:\/\/flagge-krankenfahrdienst.de\/home\/index.php?rest_route=\/wp\/v2\/users\/2"}],"replies":[{"embeddable":true,"href":"https:\/\/flagge-krankenfahrdienst.de\/home\/index.php?rest_route=%2Fwp%2Fv2%2Fcomments&post=17"}],"version-history":[{"count":9,"href":"https:\/\/flagge-krankenfahrdienst.de\/home\/index.php?rest_route=\/wp\/v2\/pages\/17\/revisions"}],"predecessor-version":[{"id":763,"href":"https:\/\/flagge-krankenfahrdienst.de\/home\/index.php?rest_route=\/wp\/v2\/pages\/17\/revisions\/763"}],"wp:attachment":[{"href":"https:\/\/flagge-krankenfahrdienst.de\/home\/index.php?rest_route=%2Fwp%2Fv2%2Fmedia&parent=17"}],"curies":[{"name":"wp","href":"https:\/\/api.w.org\/{rel}","templated":true}]}}